{"id":54,"date":"2021-08-25T15:07:33","date_gmt":"2021-08-25T13:07:33","guid":{"rendered":"http:\/\/md-performances.fr\/site\/?page_id=54"},"modified":"2022-01-11T11:33:50","modified_gmt":"2022-01-11T10:33:50","slug":"actualites","status":"publish","type":"page","link":"https:\/\/md-performances.fr\/site\/index.php\/actualites\/","title":{"rendered":"Actualit\u00e9s"},"content":{"rendered":"<p>[et_pb_section fb_built=&#8221;1&#8243; _builder_version=&#8221;4.9.10&#8243; _module_preset=&#8221;default&#8221;][et_pb_row _builder_version=&#8221;4.9.10&#8243; _module_preset=&#8221;default&#8221;][et_pb_column type=&#8221;4_4&#8243; _builder_version=&#8221;4.9.10&#8243; _module_preset=&#8221;default&#8221;][et_pb_image src=&#8221;https:\/\/md-performances.fr\/site\/wp-content\/uploads\/2022\/01\/1-Publicite_page-0001.jpg&#8221; _builder_version=&#8221;4.9.10&#8243; _module_preset=&#8221;default&#8221;][\/et_pb_image][et_pb_image src=&#8221;https:\/\/md-performances.fr\/site\/wp-content\/uploads\/2022\/01\/1-Publicite_page-0002.jpg&#8221; _builder_version=&#8221;4.9.10&#8243; _module_preset=&#8221;default&#8221;][\/et_pb_image][et_pb_image src=&#8221;https:\/\/md-performances.fr\/site\/wp-content\/uploads\/2021\/08\/csfc.jpg&#8221; title_text=&#8221;csfc&#8221; _builder_version=&#8221;4.9.10&#8243; _module_preset=&#8221;default&#8221;][\/et_pb_image][et_pb_text _builder_version=&#8221;4.9.10&#8243; _module_preset=&#8221;default&#8221;]<\/p>\n<table width=\"580\">\n<tbody>\n<tr>\n<td width=\"564\">\n<p>Bonjour \u00e0 toutes et \u00e0 tous,<\/p>\n<p>La CSFC Occitanie a le plaisir de vous inviter \u00e0 la\u00a0<strong><u>conviviale du samedi 18\/09\/2021 en pr\u00e9sentiel<\/u><\/strong>\u00a0\u00e0 la Maison des Professions Lib\u00e9rales de 9h00 \u00e0 16h00.<\/p>\n<p>Cet \u00e9v\u00e8nement va vous permettre de travailler 2 th\u00e9matiques :<\/p>\n<p>&#8211;\u00a0\u00a0\u00a0\u00a0\u00a0\u00a0\u00a0\u00a0<strong>\u00ab\u00a0Comment g\u00e9rer sa propri\u00e9t\u00e9 intellectuelle\u00a0?\u00a0<\/strong>\u00bb par Pierre MOIGNET<\/p>\n<p>&#8211;\u00a0\u00a0\u00a0\u00a0\u00a0\u00a0\u00a0\u00a0<strong>\u00ab\u00a0S\u2019entra\u00eener \u00e0 pitcher\u00a0\u00bb<\/strong>\u00a0par Marc DUMAS avec un concours de pitch et cadeaux \u00e0 la cl\u00e9\u00a0!<\/p>\n<p>Afin de pouvoir r\u00e9pondre au mieux \u00e0 vos attentes, merci de nous faire parvenir vos questions sur la propri\u00e9t\u00e9 intellectuelle \u00e0 cette adresse : <a href=\"https:\/\/sgmedia.fr\/url.php?data=x65xSekeT10iifsSy7uyJ%2FGzswGf8sg5P6n%2BS0rRISiWoUlgYNI1DzMqUCPWfcZZY0icrVyiIUrSNzD%2BoGc7u4WhMgzX%2F5jG8EB6PPeH9b18ypIK9S8k5SqJfuECMogYIuJN98dU9A59zXK1q%2FkufQ%3D%3D\">occitaniecsfc@gmail.com<\/a>\u00a0afin que l\u2019expert puisse venir avec les \u00e9l\u00e9ments de r\u00e9ponse.\u00a0<\/p>\n<p>Un petit-d\u00e9jeuner de bienvenue vous sera offert d\u00e8s 9h00.\u00a0<\/p>\n<p>Le repas de midi sera assur\u00e9 par un traiteur.\u00a0<\/p>\n<p>La participation \u00e0 cette journ\u00e9e est de 15 \u20ac pour les adh\u00e9rents et 35 \u20ac pour les non-adh\u00e9rents.<\/p>\n<p><strong><u>Voici le lien pour vous inscrire\u00a0:\u00a0<\/u><\/strong><\/p>\n<p>\u00a0<a href=\"https:\/\/www.helloasso.com\/associations\/csfc-occitanie\/evenements\/conviviale-samedi-18-septembre-2021?_gl=1%2a11y6t83%2a_ga%2aNDgwNTM1ODE4LjE1ODQwMDY3MzI.%2a_ga_TKC826G3G2%2aMTYyOTk5OTU1OS4xMy4xLjE2MzAwMDA1OTAuMA..&amp;_ga=2.234019294.1519011611.1629999561-480535818.1584006732\">https:\/\/www.helloasso.com\/associations\/csfc-occitanie\/evenements\/conviviale-samedi-18-septembre-2021?_gl=1%2a11y6t83%2a_ga%2aNDgwNTM1ODE4LjE1ODQwMDY3MzI.%2a_ga_TKC826G3G2%2aMTYyOTk5OTU1OS4xMy4xLjE2MzAwMDA1OTAuMA..&amp;_ga=2.234019294.1519011611.1629999561-480535818.1584006732<\/a><\/p>\n<p>Je suis ravi de pouvoir vous accueillir en pr\u00e9sentiel pour \u00e9changer ensemble sur les \u00e9volutions de notre m\u00e9tier de formateur.\u00a0<\/p>\n<p>&nbsp;<\/p>\n<p>Cordialement,<\/p>\n<\/td>\n<\/tr>\n<\/tbody>\n<\/table>\n<p>[\/et_pb_text][\/et_pb_column][\/et_pb_row][\/et_pb_section]<\/p>\n","protected":false},"excerpt":{"rendered":"<p>Bonjour \u00e0 toutes et \u00e0 tous, La CSFC Occitanie a le plaisir de vous inviter \u00e0 la\u00a0conviviale du samedi 18\/09\/2021 en pr\u00e9sentiel\u00a0\u00e0 la Maison des Professions Lib\u00e9rales de 9h00 \u00e0 16h00. Cet \u00e9v\u00e8nement va vous permettre de travailler 2 th\u00e9matiques : &#8211;\u00a0\u00a0\u00a0\u00a0\u00a0\u00a0\u00a0\u00a0\u00ab\u00a0Comment g\u00e9rer sa propri\u00e9t\u00e9 intellectuelle\u00a0?\u00a0\u00bb par Pierre MOIGNET &#8211;\u00a0\u00a0\u00a0\u00a0\u00a0\u00a0\u00a0\u00a0\u00ab\u00a0S\u2019entra\u00eener \u00e0 pitcher\u00a0\u00bb\u00a0par Marc DUMAS avec [&hellip;]<\/p>\n","protected":false},"author":1,"featured_media":0,"parent":0,"menu_order":0,"comment_status":"closed","ping_status":"closed","template":"","meta":{"_et_pb_use_builder":"on","_et_pb_old_content":"","_et_gb_content_width":""},"_links":{"self":[{"href":"https:\/\/md-performances.fr\/site\/index.php\/wp-json\/wp\/v2\/pages\/54"}],"collection":[{"href":"https:\/\/md-performances.fr\/site\/index.php\/wp-json\/wp\/v2\/pages"}],"about":[{"href":"https:\/\/md-performances.fr\/site\/index.php\/wp-json\/wp\/v2\/types\/page"}],"author":[{"embeddable":true,"href":"https:\/\/md-performances.fr\/site\/index.php\/wp-json\/wp\/v2\/users\/1"}],"replies":[{"embeddable":true,"href":"https:\/\/md-performances.fr\/site\/index.php\/wp-json\/wp\/v2\/comments?post=54"}],"version-history":[{"count":4,"href":"https:\/\/md-performances.fr\/site\/index.php\/wp-json\/wp\/v2\/pages\/54\/revisions"}],"predecessor-version":[{"id":206,"href":"https:\/\/md-performances.fr\/site\/index.php\/wp-json\/wp\/v2\/pages\/54\/revisions\/206"}],"wp:attachment":[{"href":"https:\/\/md-performances.fr\/site\/index.php\/wp-json\/wp\/v2\/media?parent=54"}],"curies":[{"name":"wp","href":"https:\/\/api.w.org\/{rel}","templated":true}]}}