{"id":236,"date":"2022-01-14T10:02:56","date_gmt":"2022-01-14T09:02:56","guid":{"rendered":"https:\/\/md-performances.fr\/site\/?page_id=236"},"modified":"2022-01-14T10:06:13","modified_gmt":"2022-01-14T09:06:13","slug":"md-performances-cgv","status":"publish","type":"page","link":"https:\/\/md-performances.fr\/site\/index.php\/md-performances-cgv\/","title":{"rendered":"MD PERFORMANCES &#8211; CGV"},"content":{"rendered":"\n<p><strong>Conditions G\u00e9n\u00e9rales de Vente du Site MD PERFORMANCES<\/strong><\/p>\n\n\n\n<p><strong>Les pr\u00e9sentes conditions visent \u00e0 d\u00e9finir les modalit\u00e9s de vente entre MD PERFORMANCES et l\u2019utilisateur<\/strong> <strong>de la commande aux biens ou services, en passant par le paiement et la livraison.<\/strong><\/p>\n\n\n\n<p><strong>Le site <\/strong><strong>www.md-performances.fr <\/strong><strong>est la propri\u00e9t\u00e9 exclusive de Marc DUMAS, dont le si\u00e8ge social est 220, rue Brill\u00e2t-Savarin &#8211; 34070 Montpellier.<\/strong><\/p>\n\n\n\n<p><strong>Elles r\u00e8glent toutes les \u00e9tapes n\u00e9cessaires \u00e0 la passation de la commande et assurent le suivi de cette commande entre les parties contractantes.<\/strong><\/p>\n\n\n\n<p><strong>L\u2019acquisition d\u2019un bien ou d\u2019un service \u00e0 travers le pr\u00e9sent Site implique une acceptation sans r\u00e9serve par l\u2019utilisateur des pr\u00e9sentes conditions de vente. Marc DUMAS se r\u00e9serve la possibilit\u00e9 de modifier \u00e0 tout moment ses conditions de ventes.<\/strong><\/p>\n\n\n\n<p><strong>ARTICLE 1. Objet du contrat<\/strong><\/p>\n\n\n\n<p>Le client reconna\u00eet avoir pris connaissance des pr\u00e9sentes Conditions G\u00e9n\u00e9rales de Vente pr\u00e9alablement \u00e0 toute utilisation des services sur le site <strong>www.md-performances.fr.<\/strong><\/p>\n\n\n\n<p>En cons\u00e9quence, toute utilisation de tous les produits et services sur le site Internet <strong>www.md-performances.fr <\/strong>entra\u00eene l\u2019acceptation pleine et enti\u00e8re des pr\u00e9sentes Conditions G\u00e9n\u00e9rales de Vente pr\u00e9sent\u00e9e sur le site <strong>www.md-performances.fr<\/strong>.<\/p>\n\n\n\n<p><strong>ARTICLE 2. Conditions g\u00e9n\u00e9rales de participation et\/ou souscription aux prestations et services pr\u00e9sent\u00e9s par le site <\/strong><strong>www.md-performances.fr<\/strong><strong>.<\/strong><\/p>\n\n\n\n<p>Le client est seul responsable de l\u2019utilisation qu\u2019il fera des prestations et services propos\u00e9s par le site <strong>www.md-performances.fr<\/strong> et la responsabilit\u00e9 de Marc DUMAS, ne saurait \u00eatre recherch\u00e9e pour toutes les cons\u00e9quences, quelles qu\u2019elles soient, de toute utilisation ou mise en application malveillante, inappropri\u00e9e de ces prestations et services par le client, qu\u2019elle qu\u2019en soit la mani\u00e8re.<\/p>\n\n\n\n<p><strong>ARTICLE 3. Prix des produits et prestations<\/strong><\/p>\n\n\n\n<p>Tous les prix des prestations et produits propos\u00e9s par le site <strong>www.md-performances.fr<\/strong> sont indiqu\u00e9s en euros toutes taxes comprises et correspondent \u00e0 ceux en vigueur au jour de la commande.<\/p>\n\n\n\n<p>Marc DUMAS peut \u00e0 tout moment en changer les prix selon la conjoncture.<\/p>\n\n\n\n<p><strong>ARTICLE 4. Modalit\u00e9s d\u2019ex\u00e9cution et de livraison de la commande<\/strong><\/p>\n\n\n\n<p>Les prestations et produits propos\u00e9s sur le site <strong>www.md-performances.fr<\/strong> sont livr\u00e9s par voie \u00e9lectronique exclusivement, \u00e0 l\u2019adresse mail indiqu\u00e9e par le client lors de la passation de sa commande.<\/p>\n\n\n\n<p>La commande sera livr\u00e9e au plus tard dans un d\u00e9lai de quarante-huit (48) heures \u00e0 compter de la date et de l\u2019heure auxquelles le Client a pass\u00e9 sa commande, sous r\u00e9serve de l\u2019acceptation de son paiement par sa banque.<\/p>\n\n\n\n<p>Les livrets (version papier) seront envoy\u00e9s sous 48 heures.<\/p>\n\n\n\n<p>Toute r\u00e9clamation formul\u00e9e au-del\u00e0 de ce d\u00e9lai ou non effectu\u00e9e selon les modalit\u00e9s ci-dessus d\u00e9finies sera rejet\u00e9e sans possibilit\u00e9 de recours et d\u00e9gagera-le<\/p>\n\n\n\n<p>site <strong>www.md-performances.fr.<\/strong><\/p>\n\n\n\n<p><strong>ARTICLE 5. Modalit\u00e9s de remboursement<\/strong><\/p>\n\n\n\n<p>Toutes les ventes num\u00e9riques ne peuvent \u00eatre assujetties \u00e0 un remboursement car de par leur nature, elles sont d\u00e9finitives.<\/p>\n\n\n\n<p><strong>ARTICLE 6. Propri\u00e9t\u00e9 intellectuelle<\/strong><\/p>\n\n\n\n<p>Les produits et prestations propos\u00e9s sur le site <strong>www.md-performances.fr<\/strong> ainsi que, plus g\u00e9n\u00e9ralement, l\u2019int\u00e9gralit\u00e9 du contenu pr\u00e9sent\u00e9 sur ce site, sont et demeurent la propri\u00e9t\u00e9 de Marc DUMAS.<\/p>\n\n\n\n<p>Toute reproduction, cession ou exploitation de l\u2019un quelconque de ces produits ou prestations, sous quelque mani\u00e8re que ce soit, sans le consentement de son auteur est formellement interdit et entrainera \u00e0 l\u2019encontre du contrevenant toutes les suites judiciaires, p\u00e9nales et\/ou civiles, pr\u00e9vues par la loi.<\/p>\n\n\n\n<p><strong>ARTICLE 7. Protection des donn\u00e9es personnelles<\/strong><\/p>\n\n\n\n<p>Conform\u00e9ment \u00e0 la loi informatique et Libert\u00e9s du 6 janvier 1978, vous disposez des droits d\u2019interrogation, d\u2019acc\u00e8s, de modification, d\u2019opposition et de rectification<\/p>\n\n\n\n<p>sur les donn\u00e9es personnelles vous concernant. En adh\u00e9rant \u00e0 ces conditions g\u00e9n\u00e9rales de vente, vous consentez \u00e0 ce que nous collections et utilisions ces donn\u00e9es pour la r\u00e9alisation du pr\u00e9sent contrat. En saisissant votre adresse email sur ce site, vous recevrez des emails contenant des informations et des offres<\/p>\n\n\n\n<p>promotionnelles concernant des produits \u00e9dit\u00e9s par MD PERFORMANCES. Vous pouvez vous d\u00e9s inscrire \u00e0 tout moment. Il vous suffit de cliquer sur le lien situ\u00e9 en bas de nos mails ou de contacter le responsable (<strong>md.performances@free.fr.).<\/strong><\/p>\n\n\n\n<p><strong>ARTICLE 8. Loi applicable<\/strong><\/p>\n\n\n\n<p>Le pr\u00e9sent contrat est soumis \u00e0 la loi fran\u00e7aise. \u00c0 d\u00e9faut de r\u00e8glement amiable, le litige sera port\u00e9 devant les juridictions comp\u00e9tentes et, si la loi le permet, devant les tribunaux du ressort de Montpellier.<\/p>\n\n\n\n<p>\u00a9 Copyright 2021 \u2013 MD PERFORMANCES &#8211; CGV<\/p>\n\n\n\n<p class=\"has-text-align-center\"><em>MD PERFORMANCES &#8211; LES FORMATIONS QUI D\u00c9VELOPPENT LES SAVOIR-FAIRE RELATIONNELS<\/em><\/p>\n","protected":false},"excerpt":{"rendered":"<p>Conditions G\u00e9n\u00e9rales de Vente du Site MD PERFORMANCES Les pr\u00e9sentes conditions visent \u00e0 d\u00e9finir les modalit\u00e9s de vente entre MD PERFORMANCES et l\u2019utilisateur de la commande aux biens ou services, en passant par le paiement et la livraison. Le site www.md-performances.fr est la propri\u00e9t\u00e9 exclusive de Marc DUMAS, dont le si\u00e8ge social est 220, rue [&hellip;]<\/p>\n","protected":false},"author":1,"featured_media":0,"parent":0,"menu_order":0,"comment_status":"closed","ping_status":"closed","template":"","meta":{"_et_pb_use_builder":"","_et_pb_old_content":"","_et_gb_content_width":""},"_links":{"self":[{"href":"https:\/\/md-performances.fr\/site\/index.php\/wp-json\/wp\/v2\/pages\/236"}],"collection":[{"href":"https:\/\/md-performances.fr\/site\/index.php\/wp-json\/wp\/v2\/pages"}],"about":[{"href":"https:\/\/md-performances.fr\/site\/index.php\/wp-json\/wp\/v2\/types\/page"}],"author":[{"embeddable":true,"href":"https:\/\/md-performances.fr\/site\/index.php\/wp-json\/wp\/v2\/users\/1"}],"replies":[{"embeddable":true,"href":"https:\/\/md-performances.fr\/site\/index.php\/wp-json\/wp\/v2\/comments?post=236"}],"version-history":[{"count":1,"href":"https:\/\/md-performances.fr\/site\/index.php\/wp-json\/wp\/v2\/pages\/236\/revisions"}],"predecessor-version":[{"id":237,"href":"https:\/\/md-performances.fr\/site\/index.php\/wp-json\/wp\/v2\/pages\/236\/revisions\/237"}],"wp:attachment":[{"href":"https:\/\/md-performances.fr\/site\/index.php\/wp-json\/wp\/v2\/media?parent=236"}],"curies":[{"name":"wp","href":"https:\/\/api.w.org\/{rel}","templated":true}]}}