{"id":184,"date":"2022-01-11T10:35:41","date_gmt":"2022-01-11T09:35:41","guid":{"rendered":"https:\/\/md-performances.fr\/site\/?page_id=184"},"modified":"2022-01-14T09:36:26","modified_gmt":"2022-01-14T08:36:26","slug":"les-formations-certifiees-qualiopi-2","status":"publish","type":"page","link":"https:\/\/md-performances.fr\/site\/index.php\/les-formations-certifiees-qualiopi-2\/","title":{"rendered":"Les Formations certifi\u00e9es Qualiopi"},"content":{"rendered":"<p>[et_pb_section fb_built=&#8221;1&#8243; _builder_version=&#8221;4.9.10&#8243; _module_preset=&#8221;default&#8221;][et_pb_row _builder_version=&#8221;4.9.10&#8243; _module_preset=&#8221;default&#8221;][et_pb_column _builder_version=&#8221;4.9.10&#8243; _module_preset=&#8221;default&#8221; type=&#8221;4_4&#8243;][et_pb_text _builder_version=&#8221;4.9.10&#8243; _module_preset=&#8221;default&#8221; hover_enabled=&#8221;0&#8243; sticky_enabled=&#8221;0&#8243;]<\/p>\n<p>Voulez-vous faire des pr\u00e9sentations dynamiques, efficace avec enthousiasme et sans stress.\u00a0<\/p>\n<p>Cliquez sur les formations formations propos\u00e9es pour vous am\u00e9liorer et d\u00e9velopper votre charisme.\u00a0<\/p>\n<p>[\/et_pb_text][\/et_pb_column][\/et_pb_row][\/et_pb_section]<\/p>\n","protected":false},"excerpt":{"rendered":"<p>Voulez-vous faire des pr\u00e9sentations dynamiques, efficace avec enthousiasme et sans stress.\u00a0 Cliquez sur les formations formations propos\u00e9es pour vous am\u00e9liorer et d\u00e9velopper votre charisme.\u00a0<\/p>\n","protected":false},"author":1,"featured_media":0,"parent":0,"menu_order":0,"comment_status":"closed","ping_status":"closed","template":"","meta":{"_et_pb_use_builder":"on","_et_pb_old_content":"","_et_gb_content_width":""},"_links":{"self":[{"href":"https:\/\/md-performances.fr\/site\/index.php\/wp-json\/wp\/v2\/pages\/184"}],"collection":[{"href":"https:\/\/md-performances.fr\/site\/index.php\/wp-json\/wp\/v2\/pages"}],"about":[{"href":"https:\/\/md-performances.fr\/site\/index.php\/wp-json\/wp\/v2\/types\/page"}],"author":[{"embeddable":true,"href":"https:\/\/md-performances.fr\/site\/index.php\/wp-json\/wp\/v2\/users\/1"}],"replies":[{"embeddable":true,"href":"https:\/\/md-performances.fr\/site\/index.php\/wp-json\/wp\/v2\/comments?post=184"}],"version-history":[{"count":3,"href":"https:\/\/md-performances.fr\/site\/index.php\/wp-json\/wp\/v2\/pages\/184\/revisions"}],"predecessor-version":[{"id":229,"href":"https:\/\/md-performances.fr\/site\/index.php\/wp-json\/wp\/v2\/pages\/184\/revisions\/229"}],"wp:attachment":[{"href":"https:\/\/md-performances.fr\/site\/index.php\/wp-json\/wp\/v2\/media?parent=184"}],"curies":[{"name":"wp","href":"https:\/\/api.w.org\/{rel}","templated":true}]}}